{"id":334,"date":"2025-04-09T15:54:16","date_gmt":"2025-04-09T12:54:16","guid":{"rendered":"https:\/\/www.rissanen.palvelin.pro\/kerimakiseura\/?page_id=334"},"modified":"2025-04-23T09:32:45","modified_gmt":"2025-04-23T06:32:45","slug":"kohteita-kerimaella","status":"publish","type":"page","link":"https:\/\/www.rissanen.palvelin.pro\/kerimakiseura\/kohteita-kerimaella\/","title":{"rendered":"Kohteita Kerim\u00e4ell\u00e4"},"content":{"rendered":"\n<div class=\"wp-block-uagb-container uagb-block-aj7sjcbj alignwide uagb-is-root-container\">\n<div class=\"wp-block-uagb-container uagb-block-a524b677 alignfull uagb-is-root-container\">\n<div class=\"wp-block-uagb-container uagb-block-4a514f7f\">\n<header class=\"wp-block-uagb-advanced-heading uagb-block-ad240d52\"><h3 class=\"uagb-heading-text\">Kotiseutumuseo<\/h3><\/header>\n\n\n\n<div class=\"wp-block-uagb-info-box uagb-block-cf170c39 uagb-infobox__content-wrap  uagb-infobox-icon-above-title uagb-infobox-image-valign-top\"><div class=\"uagb-ifb-content\"><div class=\"uagb-ifb-title-wrap\"><\/div><p class=\"uagb-ifb-desc\">Kun Kerim\u00e4ki-seura v. 1963 perustettiin, seuran s\u00e4\u00e4nn\u00f6iss\u00e4 sen yhdeksi keskeisimm\u00e4ksi teht\u00e4v\u00e4ksi m\u00e4\u00e4riteltiin perim\u00e4tiedon sek\u00e4 Kerim\u00e4elle tyypillisen vanhan esineist\u00f6n ker\u00e4\u00e4minen, tallentaminen ja esitteleminen. T\u00e4ss\u00e4 tarkoituksessa Kerim\u00e4elle perustettiin kotiseutumuseo v. 1966.<br>Ensimm\u00e4isen\u00e4 museoalueelle siirrettiin v. 1966-67 museopirtiksi savutupa Herttuansaaresta H\u00e4lv\u00e4st\u00e4. Savutupa oli Sulo Herttuaisen omistaman Saarela-nimisen maatilan p\u00e4\u00e4rakennuksen vanhempi p\u00e4\u00e4ty, joka on per\u00e4isin vuodelta 1797 tai 1802.<\/p><div class=\"uagb-ifb-button-wrapper wp-block-button\"><a href=\"https:\/\/www.rissanen.palvelin.pro\/kerimakiseura\/kotiseutumuseo\/\" target=\"_self\" onclick=\"return true;\" class=\"uagb-infobox-cta-link\" rel=\"noopener noreferrer\"><span class=\"uagb-inline-editing\">Lue lis\u00e4\u00e4<\/span><svg xmlns=\"https:\/\/www.w3.org\/2000\/svg\" viewBox=\"0 0 512 512\"><path d=\"M504.3 273.6l-112.1 104c-6.992 6.484-17.18 8.218-25.94 4.406c-8.758-3.812-14.42-12.45-14.42-21.1L351.9 288H32C14.33 288 .0002 273.7 .0002 255.1S14.33 224 32 224h319.9l0-72c0-9.547 5.66-18.19 14.42-22c8.754-3.809 18.95-2.075 25.94 4.41l112.1 104C514.6 247.9 514.6 264.1 504.3 273.6z\"><\/path><\/svg><\/a><\/div><\/div><\/div>\n<\/div>\n\n\n\n<div class=\"wp-block-uagb-image uagb-block-90ae7223 wp-block-uagb-image--layout-default wp-block-uagb-image--effect-static wp-block-uagb-image--align-none\"><figure class=\"wp-block-uagb-image__figure\"><img decoding=\"async\" srcset=\"https:\/\/www.rissanen.palvelin.pro\/kerimakiseura\/wp-content\/uploads\/2025\/04\/kotiseutumuseo-1024x768.webp ,https:\/\/www.rissanen.palvelin.pro\/kerimakiseura\/wp-content\/uploads\/2025\/04\/kotiseutumuseo.webp 780w, https:\/\/www.rissanen.palvelin.pro\/kerimakiseura\/wp-content\/uploads\/2025\/04\/kotiseutumuseo.webp 360w\" sizes=\"auto, (max-width: 480px) 150px\" src=\"https:\/\/www.rissanen.palvelin.pro\/kerimakiseura\/wp-content\/uploads\/2025\/04\/kotiseutumuseo-1024x768.webp\" alt=\"\" class=\"uag-image-174\" width=\"1024\" height=\"768\" title=\"kotiseutumuseo\" loading=\"lazy\" role=\"img\"\/><\/figure><\/div>\n<\/div>\n<\/div>\n\n\n\n<div style=\"height:20px\" aria-hidden=\"true\" class=\"wp-block-spacer\"><\/div>\n\n\n\n<div class=\"wp-block-uagb-container uagb-block-823be265 alignwide uagb-is-root-container\">\n<div class=\"wp-block-uagb-container uagb-block-d5366f6c alignfull uagb-is-root-container\">\n<div class=\"wp-block-uagb-container uagb-block-e8fd5d73\">\n<div class=\"wp-block-uagb-info-box uagb-block-3e0a9a8d uagb-infobox__content-wrap  uagb-infobox-icon-above-title uagb-infobox-image-valign-top\"><div class=\"uagb-ifb-content\"><div class=\"uagb-ifb-title-wrap\"><h3 class=\"uagb-ifb-title\">Perinnereitti<\/h3><\/div><p class=\"uagb-ifb-desc\">Kerim\u00e4en perinnereitti esittelee alueen historiallisia kohteita ja kulttuurimaisemia. Reitin varrella p\u00e4\u00e4set tutustumaan muun muassa vanhoihin rakennuksiin, perinteisiin elinkeinoihin ja kyl\u00e4n tarinoihin. <\/p><div class=\"uagb-ifb-button-wrapper wp-block-button\"><a href=\"https:\/\/www.rissanen.palvelin.pro\/kerimakiseura\/perinnereitti\/\" target=\"_self\" onclick=\"return true;\" class=\"uagb-infobox-cta-link\" rel=\"noopener noreferrer\"><span class=\"uagb-inline-editing\">Lue lis\u00e4\u00e4<\/span><svg xmlns=\"https:\/\/www.w3.org\/2000\/svg\" viewBox=\"0 0 512 512\"><path d=\"M504.3 273.6l-112.1 104c-6.992 6.484-17.18 8.218-25.94 4.406c-8.758-3.812-14.42-12.45-14.42-21.1L351.9 288H32C14.33 288 .0002 273.7 .0002 255.1S14.33 224 32 224h319.9l0-72c0-9.547 5.66-18.19 14.42-22c8.754-3.809 18.95-2.075 25.94 4.41l112.1 104C514.6 247.9 514.6 264.1 504.3 273.6z\"><\/path><\/svg><\/a><\/div><\/div><\/div>\n<\/div>\n<\/div>\n<\/div>\n\n\n\n<div style=\"height:20px\" aria-hidden=\"true\" class=\"wp-block-spacer\"><\/div>\n\n\n\n<div class=\"wp-block-uagb-container uagb-block-1afe2272 alignwide uagb-is-root-container\">\n<div class=\"wp-block-uagb-icon-list uagb-block-a73d2111\"><div class=\"uagb-icon-list__wrap\">\n<div class=\"wp-block-uagb-icon-list-child uagb-block-8cd00f17\"><a target=\"_blank\" aria-label=\"Kerim\u00e4en kirkko - maailman suurin puukirkko\" rel=\"noopener noreferrer\" href=\"https:\/\/visitsavonlinna.fi\/products\/maailman-suurin-puukirkko-kerimaen-kirkko\/\"> <\/a><span class=\"uagb-icon-list__source-wrap\"><img decoding=\"async\" class=\"uagb-icon-list__source-image\" src=\"https:\/\/www.rissanen.palvelin.pro\/kerimakiseura\/wp-content\/uploads\/kerimaenkirkko_icon.png\" width=\"60\" height=\"60\" loading=\"lazy\" alt=\"\"\/><\/span><span class=\"uagb-icon-list__label\">Kerim\u00e4en kirkko &#8211; maailman suurin puukirkko<\/span><\/div>\n\n\n\n<div class=\"wp-block-uagb-icon-list-child uagb-block-6ce5d93e\"><a target=\"_blank\" aria-label=\"Hyterm\u00e4 - Romu-Heikin perint\u00f6\" rel=\"noopener noreferrer\" href=\"https:\/\/visitsavonlinna.fi\/hyterma\/\"> <\/a><span class=\"uagb-icon-list__source-wrap\"><img decoding=\"async\" class=\"uagb-icon-list__source-image\" src=\"https:\/\/www.rissanen.palvelin.pro\/kerimakiseura\/wp-content\/uploads\/hyterma_romuheikki_icon.png\" width=\"60\" height=\"60\" loading=\"lazy\" alt=\"\"\/><\/span><span class=\"uagb-icon-list__label\">Hyterm\u00e4 &#8211; Romu-Heikin perint\u00f6<\/span><\/div>\n\n\n\n<div class=\"wp-block-uagb-icon-list-child uagb-block-d33f9604\"><a target=\"_blank\" aria-label=\"Kirkkoranta - vierasvenesatama - uimaranta\" rel=\"noopener noreferrer\" href=\"https:\/\/visitsavonlinna.fi\/products\/kerimaen-kirkkoranta-uimaranta-ja-vierasvenesatama\/\"> <\/a><span class=\"uagb-icon-list__source-wrap\"><svg xmlns=\"https:\/\/www.w3.org\/2000\/svg\" viewBox=\"0 0 576 512\"><path d=\"M549.8 237.5c-31.23-5.719-46.84-20.06-47.13-20.31C490.4 205 470.3 205.1 457.7 216.8c-1 .9375-25.14 23-73.73 23s-72.73-22.06-73.38-22.62C298.4 204.9 278.3 205.1 265.7 216.8c-1 .9375-25.14 23-73.73 23S119.3 217.8 118.6 217.2C106.4 204.9 86.35 205 73.74 216.9C73.09 217.4 57.48 231.8 26.24 237.5c-17.38 3.188-28.89 19.84-25.72 37.22c3.188 17.38 19.78 29.09 37.25 25.72C63.1 295.8 82.49 287.1 95.96 279.2c19.5 11.53 51.47 24.68 96.04 24.68c44.55 0 76.49-13.12 96-24.65c19.52 11.53 51.45 24.59 96 24.59c44.58 0 76.55-13.09 96.05-24.62c13.47 7.938 32.86 16.62 58.19 21.25c17.56 3.375 34.06-8.344 37.25-25.72C578.7 257.4 567.2 240.7 549.8 237.5zM549.8 381.7c-31.23-5.719-46.84-20.06-47.13-20.31c-12.22-12.19-32.31-12.12-44.91-.375C456.7 361.9 432.6 384 384 384s-72.73-22.06-73.38-22.62c-12.22-12.25-32.3-12.12-44.89-.375C264.7 361.9 240.6 384 192 384s-72.73-22.06-73.38-22.62c-12.22-12.25-32.28-12.16-44.89-.3438c-.6562 .5938-16.27 14.94-47.5 20.66c-17.38 3.188-28.89 19.84-25.72 37.22C3.713 436.3 20.31 448 37.78 444.6C63.1 440 82.49 431.3 95.96 423.4c19.5 11.53 51.51 24.62 96.08 24.62c44.55 0 76.45-13.06 95.96-24.59C307.5 434.9 339.5 448 384.1 448c44.58 0 76.5-13.09 95.1-24.62c13.47 7.938 32.86 16.62 58.19 21.25C555.8 448 572.3 436.3 575.5 418.9C578.7 401.5 567.2 384.9 549.8 381.7zM37.78 156.4c25.33-4.625 44.72-13.31 58.19-21.25c19.5 11.53 51.47 24.68 96.04 24.68c44.55 0 76.49-13.12 96-24.65c19.52 11.53 51.45 24.59 96 24.59c44.58 0 76.55-13.09 96.05-24.62c13.47 7.938 32.86 16.62 58.19 21.25c17.56 3.375 34.06-8.344 37.25-25.72c3.172-17.38-8.344-34.03-25.72-37.22c-31.23-5.719-46.84-20.06-47.13-20.31c-12.22-12.19-32.31-12.12-44.91-.375c-1 .9375-25.14 23-73.73 23s-72.73-22.06-73.38-22.62c-12.22-12.25-32.3-12.12-44.89-.375c-1 .9375-25.14 23-73.73 23S119.3 73.76 118.6 73.2C106.4 60.95 86.35 61.04 73.74 72.85C73.09 73.45 57.48 87.79 26.24 93.51c-17.38 3.188-28.89 19.84-25.72 37.22C3.713 148.1 20.31 159.8 37.78 156.4z\"><\/path><\/svg><\/span><span class=\"uagb-icon-list__label\">Kirkkoranta &#8211; vierasvenesatama &#8211; uimaranta<\/span><\/div>\n\n\n\n<div class=\"wp-block-uagb-icon-list-child uagb-block-483be697\"><a target=\"_blank\" aria-label=\"Kerigolf\" rel=\"noopener noreferrer\" href=\"https:\/\/kerigolf.fi\/\"> <\/a><span class=\"uagb-icon-list__source-wrap\"><svg xmlns=\"https:\/\/www.w3.org\/2000\/svg\" viewBox=\"0 0 384 512\"><path d=\"M96 399.1c0 17.67 14.33 31.1 32 31.1s32 14.33 32 31.1v48h64v-48c0-17.67 14.33-31.1 32-31.1s32-14.33 32-31.1v-16H96V399.1zM192 .0001c-106 0-192 86.68-192 193.6c0 65.78 32.82 123.5 82.52 158.4h218.1C351.2 317.1 384 259.4 384 193.6C384 86.68 298 .0001 192 .0001zM179 205.1C183 206.9 187.4 208 192 208c17.53 0 31.74-14.33 31.74-31.1c0-4.688-1.111-9.062-2.904-13.07c11.03 5.016 18.77 16.08 18.77 29.07c0 17.67-14.21 31.1-31.74 31.1C194.1 224 184 216.2 179 205.1zM223.7 303.1c-12.88 0-23.86-7.812-28.83-18.93c3.977 1.809 8.316 2.93 12.96 2.93c17.53 0 31.74-14.33 31.74-31.1c0-4.688-1.109-9.062-2.904-13.07c11.03 5.016 18.77 16.08 18.77 29.07C255.5 289.7 241.3 303.1 223.7 303.1zM287.2 240c-12.88 0-23.86-7.812-28.83-18.93c3.977 1.809 8.316 2.93 12.96 2.93c17.53 0 31.73-14.33 31.73-31.1c0-4.688-1.109-9.062-2.902-13.07C311.2 183.9 318.9 195 318.9 208C318.9 225.7 304.7 240 287.2 240z\"><\/path><\/svg><\/span><span class=\"uagb-icon-list__label\">Kerigolf<\/span><\/div>\n\n\n\n<div class=\"wp-block-uagb-icon-list-child uagb-block-8dc4d7e4\"><a target=\"_blank\" aria-label=\"Liikuntapuisto\" rel=\"noopener noreferrer\" href=\"https:\/\/visitsavonlinna.fi\/products\/kerimaen-liikuntapuisto\/\"> <\/a><span class=\"uagb-icon-list__source-wrap\"><svg xmlns=\"https:\/\/www.w3.org\/2000\/svg\" viewBox=\"0 0 448 512\"><path d=\"M400 224h-44l-26.12-53.25c-12.5-25.5-35.38-44.25-61.75-51L197 98.63C189.5 96.84 181.1 95.97 174.5 95.97c-20.88 0-41.33 6.81-58.26 19.78L76.5 146.3C68.31 152.5 64.01 162 64.01 171.6c0 17.11 13.67 32.02 32.02 32.02c6.808 0 13.67-2.158 19.47-6.616l39.63-30.38c5.92-4.488 13.01-6.787 19.53-6.787c2.017 0 3.981 .2196 5.841 .6623l14.62 4.25l-37.5 87.5C154.1 260.3 152.5 268.8 152.5 277.2c0 22.09 11.49 43.52 31.51 55.29l85 50.13l-27.5 87.75c-.9875 3.174-1.458 6.388-1.458 9.55c0 13.65 8.757 26.31 22.46 30.58C265.6 511.5 268.9 512 272 512c13.62 0 26.25-8.75 30.5-22.5l31.75-101c1.211-4.278 1.796-8.625 1.796-12.93c0-16.57-8.661-32.51-23.55-41.44l-61.13-36.12l31.25-78.38l20.25 41.5C310.9 277.4 327.9 288 345.1 288H400c17.62 0 32-14.38 32-32C432 238.3 417.6 224 400 224zM288 96c26.5 0 48-21.5 48-48s-21.5-48-48-48s-48 21.5-48 48S261.5 96 288 96zM129.8 317.5L114.9 352H48c-17.62 0-32 14.38-32 32s14.38 32 32 32h77.5c19.25 0 36.5-11.5 44-29.12l8.875-20.5l-10.75-6.25C150.4 349.9 137.6 334.8 129.8 317.5z\"><\/path><\/svg><\/span><span class=\"uagb-icon-list__label\">Liikuntapuisto<\/span><\/div>\n<\/div><\/div>\n<\/div>\n","protected":false},"excerpt":{"rendered":"<p>Kotiseutumuseo<\/p>\n","protected":false},"author":1,"featured_media":0,"parent":0,"menu_order":0,"comment_status":"closed","ping_status":"closed","template":"","meta":{"_uag_custom_page_level_css":"","site-sidebar-layout":"default","site-content-layout":"","ast-site-content-layout":"","site-content-style":"default","site-sidebar-style":"default","ast-global-header-display":"","ast-banner-title-visibility":"","ast-main-header-display":"","ast-hfb-above-header-display":"","ast-hfb-below-header-display":"","ast-hfb-mobile-header-display":"","site-post-title":"","ast-breadcrumbs-content":"","ast-featured-img":"","footer-sml-layout":"","theme-transparent-header-meta":"","adv-header-id-meta":"","stick-header-meta":"","header-above-stick-meta":"","header-main-stick-meta":"","header-below-stick-meta":"","astra-migrate-meta-layouts":"default","ast-page-background-enabled":"default","ast-page-background-meta":{"desktop":{"background-color":"var(--ast-global-color-5)","background-image":"","background-repeat":"repeat","background-position":"center center","background-size":"auto","background-attachment":"scroll","background-type":"","background-media":"","overlay-type":"","overlay-color":"","overlay-opacity":"","overlay-gradient":""},"tablet":{"background-color":"","background-image":"","background-repeat":"repeat","background-position":"center center","background-size":"auto","background-attachment":"scroll","background-type":"","background-media":"","overlay-type":"","overlay-color":"","overlay-opacity":"","overlay-gradient":""},"mobile":{"background-color":"","background-image":"","background-repeat":"repeat","background-position":"center center","background-size":"auto","background-attachment":"scroll","background-type":"","background-media":"","overlay-type":"","overlay-color":"","overlay-opacity":"","overlay-gradient":""}},"ast-content-background-meta":{"desktop":{"background-color":"var(--ast-global-color-4)","background-image":"","background-repeat":"repeat","background-position":"center center","background-size":"auto","background-attachment":"scroll","background-type":"","background-media":"","overlay-type":"","overlay-color":"","overlay-opacity":"","overlay-gradient":""},"tablet":{"background-color":"var(--ast-global-color-4)","background-image":"","background-repeat":"repeat","background-position":"center center","background-size":"auto","background-attachment":"scroll","background-type":"","background-media":"","overlay-type":"","overlay-color":"","overlay-opacity":"","overlay-gradient":""},"mobile":{"background-color":"var(--ast-global-color-4)","background-image":"","background-repeat":"repeat","background-position":"center center","background-size":"auto","background-attachment":"scroll","background-type":"","background-media":"","overlay-type":"","overlay-color":"","overlay-opacity":"","overlay-gradient":""}},"footnotes":""},"class_list":["post-334","page","type-page","status-publish","hentry"],"uagb_featured_image_src":{"full":false,"thumbnail":false,"medium":false,"medium_large":false,"large":false,"1536x1536":false,"2048x2048":false},"uagb_author_info":{"display_name":"admin","author_link":"https:\/\/www.rissanen.palvelin.pro\/kerimakiseura\/author\/admin\/"},"uagb_comment_info":0,"uagb_excerpt":"Kotiseutumuseo","_links":{"self":[{"href":"https:\/\/www.rissanen.palvelin.pro\/kerimakiseura\/wp-json\/wp\/v2\/pages\/334","targetHints":{"allow":["GET"]}}],"collection":[{"href":"https:\/\/www.rissanen.palvelin.pro\/kerimakiseura\/wp-json\/wp\/v2\/pages"}],"about":[{"href":"https:\/\/www.rissanen.palvelin.pro\/kerimakiseura\/wp-json\/wp\/v2\/types\/page"}],"author":[{"embeddable":true,"href":"https:\/\/www.rissanen.palvelin.pro\/kerimakiseura\/wp-json\/wp\/v2\/users\/1"}],"replies":[{"embeddable":true,"href":"https:\/\/www.rissanen.palvelin.pro\/kerimakiseura\/wp-json\/wp\/v2\/comments?post=334"}],"version-history":[{"count":33,"href":"https:\/\/www.rissanen.palvelin.pro\/kerimakiseura\/wp-json\/wp\/v2\/pages\/334\/revisions"}],"predecessor-version":[{"id":607,"href":"https:\/\/www.rissanen.palvelin.pro\/kerimakiseura\/wp-json\/wp\/v2\/pages\/334\/revisions\/607"}],"wp:attachment":[{"href":"https:\/\/www.rissanen.palvelin.pro\/kerimakiseura\/wp-json\/wp\/v2\/media?parent=334"}],"curies":[{"name":"wp","href":"https:\/\/api.w.org\/{rel}","templated":true}]}}