{"id":15,"date":"2025-04-08T16:04:11","date_gmt":"2025-04-08T13:04:11","guid":{"rendered":"https:\/\/www.rissanen.palvelin.pro\/kerimakiseura\/?page_id=15"},"modified":"2025-04-15T12:29:41","modified_gmt":"2025-04-15T09:29:41","slug":"etusivu","status":"publish","type":"page","link":"https:\/\/www.rissanen.palvelin.pro\/kerimakiseura\/","title":{"rendered":"Etusivu"},"content":{"rendered":"\n<div class=\"wp-block-uagb-container uagb-block-3b868780 alignfull uagb-is-root-container\"><\/div>\n\n\n\n<div class=\"wp-block-uagb-container uagb-block-39f6564d alignfull uagb-is-root-container\">\n<div class=\"wp-block-uagb-container uagb-block-e3d5a24d\"><div class='ebec_error'>There is No Event<\/div><\/div>\n\n\n\n<div class=\"wp-block-uagb-container uagb-block-95a45e60\">\n<div class=\"wp-block-uagb-icon-list uagb-block-a73d2111\"><div class=\"uagb-icon-list__wrap\">\n<div class=\"wp-block-uagb-icon-list-child uagb-block-dd781091\"><a target=\"_blank\" aria-label=\"Kotiseutumuseo\" rel=\"noopener noreferrer\" href=\"https:\/\/www.rissanen.palvelin.pro\/kerimakiseura\/kotiseutumuseo\/\"> <\/a><span class=\"uagb-icon-list__source-wrap\"><svg xmlns=\"https:\/\/www.w3.org\/2000\/svg\" viewBox=\"0 0 576 512\"><path d=\"M575.8 255.5C575.8 273.5 560.8 287.6 543.8 287.6H511.8L512.5 447.7C512.5 450.5 512.3 453.1 512 455.8V472C512 494.1 494.1 512 472 512H456C454.9 512 453.8 511.1 452.7 511.9C451.3 511.1 449.9 512 448.5 512H392C369.9 512 352 494.1 352 472V384C352 366.3 337.7 352 320 352H256C238.3 352 224 366.3 224 384V472C224 494.1 206.1 512 184 512H128.1C126.6 512 125.1 511.9 123.6 511.8C122.4 511.9 121.2 512 120 512H104C81.91 512 64 494.1 64 472V360C64 359.1 64.03 358.1 64.09 357.2V287.6H32.05C14.02 287.6 0 273.5 0 255.5C0 246.5 3.004 238.5 10.01 231.5L266.4 8.016C273.4 1.002 281.4 0 288.4 0C295.4 0 303.4 2.004 309.5 7.014L564.8 231.5C572.8 238.5 576.9 246.5 575.8 255.5L575.8 255.5z\"><\/path><\/svg><\/span><span class=\"uagb-icon-list__label\">Kotiseutumuseo<\/span><\/div>\n\n\n\n<div class=\"wp-block-uagb-icon-list-child uagb-block-739c217a\"><a target=\"_blank\" aria-label=\"Perinnereitti\" rel=\"noopener noreferrer\" href=\"https:\/\/www.rissanen.palvelin.pro\/kerimakiseura\/perinnereitti\/\"> <\/a><span class=\"uagb-icon-list__source-wrap\"><svg xmlns=\"https:\/\/www.w3.org\/2000\/svg\" viewBox=\"0 0 512 512\"><path d=\"M320 256C302.3 256 288 270.3 288 288C288 305.7 302.3 320 320 320H416C469 320 512 362.1 512 416C512 469 469 512 416 512H139.6C148.3 502.1 158.9 489.4 169.6 475.2C175.9 466.8 182.4 457.6 188.6 448H416C433.7 448 448 433.7 448 416C448 398.3 433.7 384 416 384H320C266.1 384 223.1 341 223.1 288C223.1 234.1 266.1 192 320 192H362.1C340.2 161.5 320 125.4 320 96C320 42.98 362.1 0 416 0C469 0 512 42.98 512 96C512 160 416 256 416 256H320zM416 128C433.7 128 448 113.7 448 96C448 78.33 433.7 64 416 64C398.3 64 384 78.33 384 96C384 113.7 398.3 128 416 128zM118.3 487.8C118.1 488 117.9 488.2 117.7 488.4C113.4 493.4 109.5 497.7 106.3 501.2C105.9 501.6 105.5 502 105.2 502.4C99.5 508.5 96 512 96 512C96 512 0 416 0 352C0 298.1 42.98 255.1 96 255.1C149 255.1 192 298.1 192 352C192 381.4 171.8 417.5 149.9 448C138.1 463.2 127.7 476.9 118.3 487.8L118.3 487.8zM95.1 384C113.7 384 127.1 369.7 127.1 352C127.1 334.3 113.7 320 95.1 320C78.33 320 63.1 334.3 63.1 352C63.1 369.7 78.33 384 95.1 384z\"><\/path><\/svg><\/span><span class=\"uagb-icon-list__label\">Perinnereitti<\/span><\/div>\n\n\n\n<div class=\"wp-block-uagb-icon-list-child uagb-block-8cd00f17\"><a target=\"_blank\" aria-label=\"Kerim\u00e4en kirkko - maailman suurin puukirkko\" rel=\"noopener noreferrer\" href=\"https:\/\/visitsavonlinna.fi\/products\/maailman-suurin-puukirkko-kerimaen-kirkko\/\"> <\/a><span class=\"uagb-icon-list__source-wrap\"><img decoding=\"async\" class=\"uagb-icon-list__source-image\" src=\"https:\/\/www.rissanen.palvelin.pro\/kerimakiseura\/wp-content\/uploads\/kerimaenkirkko_icon.png\" width=\"60\" height=\"60\" loading=\"lazy\" alt=\"\"\/><\/span><span class=\"uagb-icon-list__label\">Kerim\u00e4en kirkko &#8211; maailman suurin puukirkko<\/span><\/div>\n\n\n\n<div class=\"wp-block-uagb-icon-list-child uagb-block-6ce5d93e\"><a target=\"_blank\" aria-label=\"Hyterm\u00e4 - Romu-Heikin perint\u00f6\" rel=\"noopener noreferrer\" href=\"https:\/\/visitsavonlinna.fi\/hyterma\/\"> <\/a><span class=\"uagb-icon-list__source-wrap\"><img decoding=\"async\" class=\"uagb-icon-list__source-image\" src=\"https:\/\/www.rissanen.palvelin.pro\/kerimakiseura\/wp-content\/uploads\/hyterma_romuheikki_icon.png\" width=\"60\" height=\"60\" loading=\"lazy\" alt=\"\"\/><\/span><span class=\"uagb-icon-list__label\">Hyterm\u00e4 &#8211; Romu-Heikin perint\u00f6<\/span><\/div>\n\n\n\n<div class=\"wp-block-uagb-icon-list-child uagb-block-d33f9604\"><a target=\"_blank\" aria-label=\"Kirkkoranta - vierasvenesatama - uimaranta\" rel=\"noopener noreferrer\" href=\"https:\/\/visitsavonlinna.fi\/products\/kerimaen-kirkkoranta-uimaranta-ja-vierasvenesatama\/\"> <\/a><span class=\"uagb-icon-list__source-wrap\"><svg xmlns=\"https:\/\/www.w3.org\/2000\/svg\" viewBox=\"0 0 576 512\"><path d=\"M549.8 237.5c-31.23-5.719-46.84-20.06-47.13-20.31C490.4 205 470.3 205.1 457.7 216.8c-1 .9375-25.14 23-73.73 23s-72.73-22.06-73.38-22.62C298.4 204.9 278.3 205.1 265.7 216.8c-1 .9375-25.14 23-73.73 23S119.3 217.8 118.6 217.2C106.4 204.9 86.35 205 73.74 216.9C73.09 217.4 57.48 231.8 26.24 237.5c-17.38 3.188-28.89 19.84-25.72 37.22c3.188 17.38 19.78 29.09 37.25 25.72C63.1 295.8 82.49 287.1 95.96 279.2c19.5 11.53 51.47 24.68 96.04 24.68c44.55 0 76.49-13.12 96-24.65c19.52 11.53 51.45 24.59 96 24.59c44.58 0 76.55-13.09 96.05-24.62c13.47 7.938 32.86 16.62 58.19 21.25c17.56 3.375 34.06-8.344 37.25-25.72C578.7 257.4 567.2 240.7 549.8 237.5zM549.8 381.7c-31.23-5.719-46.84-20.06-47.13-20.31c-12.22-12.19-32.31-12.12-44.91-.375C456.7 361.9 432.6 384 384 384s-72.73-22.06-73.38-22.62c-12.22-12.25-32.3-12.12-44.89-.375C264.7 361.9 240.6 384 192 384s-72.73-22.06-73.38-22.62c-12.22-12.25-32.28-12.16-44.89-.3438c-.6562 .5938-16.27 14.94-47.5 20.66c-17.38 3.188-28.89 19.84-25.72 37.22C3.713 436.3 20.31 448 37.78 444.6C63.1 440 82.49 431.3 95.96 423.4c19.5 11.53 51.51 24.62 96.08 24.62c44.55 0 76.45-13.06 95.96-24.59C307.5 434.9 339.5 448 384.1 448c44.58 0 76.5-13.09 95.1-24.62c13.47 7.938 32.86 16.62 58.19 21.25C555.8 448 572.3 436.3 575.5 418.9C578.7 401.5 567.2 384.9 549.8 381.7zM37.78 156.4c25.33-4.625 44.72-13.31 58.19-21.25c19.5 11.53 51.47 24.68 96.04 24.68c44.55 0 76.49-13.12 96-24.65c19.52 11.53 51.45 24.59 96 24.59c44.58 0 76.55-13.09 96.05-24.62c13.47 7.938 32.86 16.62 58.19 21.25c17.56 3.375 34.06-8.344 37.25-25.72c3.172-17.38-8.344-34.03-25.72-37.22c-31.23-5.719-46.84-20.06-47.13-20.31c-12.22-12.19-32.31-12.12-44.91-.375c-1 .9375-25.14 23-73.73 23s-72.73-22.06-73.38-22.62c-12.22-12.25-32.3-12.12-44.89-.375c-1 .9375-25.14 23-73.73 23S119.3 73.76 118.6 73.2C106.4 60.95 86.35 61.04 73.74 72.85C73.09 73.45 57.48 87.79 26.24 93.51c-17.38 3.188-28.89 19.84-25.72 37.22C3.713 148.1 20.31 159.8 37.78 156.4z\"><\/path><\/svg><\/span><span class=\"uagb-icon-list__label\">Kirkkoranta &#8211; vierasvenesatama &#8211; uimaranta<\/span><\/div>\n\n\n\n<div class=\"wp-block-uagb-icon-list-child uagb-block-483be697\"><a target=\"_blank\" aria-label=\"Kerigolf\" rel=\"noopener noreferrer\" href=\"https:\/\/kerigolf.fi\/\"> <\/a><span class=\"uagb-icon-list__source-wrap\"><svg xmlns=\"https:\/\/www.w3.org\/2000\/svg\" viewBox=\"0 0 384 512\"><path d=\"M96 399.1c0 17.67 14.33 31.1 32 31.1s32 14.33 32 31.1v48h64v-48c0-17.67 14.33-31.1 32-31.1s32-14.33 32-31.1v-16H96V399.1zM192 .0001c-106 0-192 86.68-192 193.6c0 65.78 32.82 123.5 82.52 158.4h218.1C351.2 317.1 384 259.4 384 193.6C384 86.68 298 .0001 192 .0001zM179 205.1C183 206.9 187.4 208 192 208c17.53 0 31.74-14.33 31.74-31.1c0-4.688-1.111-9.062-2.904-13.07c11.03 5.016 18.77 16.08 18.77 29.07c0 17.67-14.21 31.1-31.74 31.1C194.1 224 184 216.2 179 205.1zM223.7 303.1c-12.88 0-23.86-7.812-28.83-18.93c3.977 1.809 8.316 2.93 12.96 2.93c17.53 0 31.74-14.33 31.74-31.1c0-4.688-1.109-9.062-2.904-13.07c11.03 5.016 18.77 16.08 18.77 29.07C255.5 289.7 241.3 303.1 223.7 303.1zM287.2 240c-12.88 0-23.86-7.812-28.83-18.93c3.977 1.809 8.316 2.93 12.96 2.93c17.53 0 31.73-14.33 31.73-31.1c0-4.688-1.109-9.062-2.902-13.07C311.2 183.9 318.9 195 318.9 208C318.9 225.7 304.7 240 287.2 240z\"><\/path><\/svg><\/span><span class=\"uagb-icon-list__label\">Kerigolf<\/span><\/div>\n\n\n\n<div class=\"wp-block-uagb-icon-list-child uagb-block-8dc4d7e4\"><a target=\"_blank\" aria-label=\"Liikuntapuisto\" rel=\"noopener noreferrer\" href=\"https:\/\/visitsavonlinna.fi\/products\/kerimaen-liikuntapuisto\/\"> <\/a><span class=\"uagb-icon-list__source-wrap\"><svg xmlns=\"https:\/\/www.w3.org\/2000\/svg\" viewBox=\"0 0 448 512\"><path d=\"M400 224h-44l-26.12-53.25c-12.5-25.5-35.38-44.25-61.75-51L197 98.63C189.5 96.84 181.1 95.97 174.5 95.97c-20.88 0-41.33 6.81-58.26 19.78L76.5 146.3C68.31 152.5 64.01 162 64.01 171.6c0 17.11 13.67 32.02 32.02 32.02c6.808 0 13.67-2.158 19.47-6.616l39.63-30.38c5.92-4.488 13.01-6.787 19.53-6.787c2.017 0 3.981 .2196 5.841 .6623l14.62 4.25l-37.5 87.5C154.1 260.3 152.5 268.8 152.5 277.2c0 22.09 11.49 43.52 31.51 55.29l85 50.13l-27.5 87.75c-.9875 3.174-1.458 6.388-1.458 9.55c0 13.65 8.757 26.31 22.46 30.58C265.6 511.5 268.9 512 272 512c13.62 0 26.25-8.75 30.5-22.5l31.75-101c1.211-4.278 1.796-8.625 1.796-12.93c0-16.57-8.661-32.51-23.55-41.44l-61.13-36.12l31.25-78.38l20.25 41.5C310.9 277.4 327.9 288 345.1 288H400c17.62 0 32-14.38 32-32C432 238.3 417.6 224 400 224zM288 96c26.5 0 48-21.5 48-48s-21.5-48-48-48s-48 21.5-48 48S261.5 96 288 96zM129.8 317.5L114.9 352H48c-17.62 0-32 14.38-32 32s14.38 32 32 32h77.5c19.25 0 36.5-11.5 44-29.12l8.875-20.5l-10.75-6.25C150.4 349.9 137.6 334.8 129.8 317.5z\"><\/path><\/svg><\/span><span class=\"uagb-icon-list__label\">Liikuntapuisto<\/span><\/div>\n<\/div><\/div>\n<\/div>\n<\/div>\n\n\n\n<div class=\"wp-block-uagb-container uagb-block-9eafd315 alignfull uagb-is-root-container\">\n<div class=\"wp-block-uagb-info-box uagb-block-8b5fbd53 uagb-infobox__content-wrap  uagb-infobox-icon-above-title uagb-infobox-image-valign-top\"><div class=\"uagb-ifb-content\"><div class=\"uagb-ifb-title-wrap\"><\/div><p class=\"uagb-ifb-desc\">Kerim\u00e4ki-seura&nbsp;on aktiivisesti toimiva yhdistys, joka on perustettu 29.9.1963. Kerim\u00e4ki-seuran tarkoituksena on kotiseudun kaikinpuolinen kehitt\u00e4minen, ihmisten viihtyisyyden lis\u00e4\u00e4minen, kotiseutuhengen yll\u00e4pit\u00e4minen ja -kulttuurin vaaliminen ja edist\u00e4minen.<br><br>Seura toimii alueensa etuj\u00e4rjest\u00f6n\u00e4 sek\u00e4 asukkaiden ja yhteis\u00f6jen yhdyssiteen\u00e4. Seura tekee aloitteita ja esityksi\u00e4 viranomaisille, j\u00e4rjest\u00e4\u00e4 kotiseutup\u00e4ivi\u00e4, -talkoita, -retki\u00e4 ja n\u00e4yttelyit\u00e4, edist\u00e4\u00e4 perinteen tallentamista sek\u00e4 luonnon ja kulttuuriymp\u00e4rist\u00f6n vaalimista, harjoittaa museotoimintaa sek\u00e4 toimii yhteisty\u00f6ss\u00e4 Suomen kotiseutuliiton kanssa.<\/p><\/div><\/div>\n<\/div>\n\n\n\n<div class=\"wp-block-uagb-container uagb-block-e59ff0a3 alignfull uagb-is-root-container\"><div class=\"uagb-container__shape uagb-container__shape-bottom uagb-container__invert\" data-negative=\"false\"><svg xmlns=\"https:\/\/www.w3.org\/2000\/svg\" viewBox=\"0 0 283.5 27.8\" preserveAspectRatio=\"none\"><path class=\"uagb-container__shape-fill\" d=\"M283.5,9.7c0,0-7.3,4.3-14,4.6c-6.8,0.3-12.6,0-20.9-1.5c-11.3-2-33.1-10.1-44.7-5.7\ts-12.1,4.6-18,7.4c-6.6,3.2-20,9.6-36.6,9.3C131.6,23.5,99.5,7.2,86.3,8c-1.4,0.1-6.6,0.8-10.5,2c-3.8,1.2-9.4,3.8-17,4.7\tc-3.2,0.4-8.3,1.1-14.2,0.9c-1.5-0.1-6.3-0.4-12-1.6c-5.7-1.2-11-3.1-15.8-3.7C6.5,9.2,0,10.8,0,10.8V0h283.5V9.7z M260.8,11.3\tc-0.7-1-2-0.4-4.3-0.4c-2.3,0-6.1-1.2-5.8-1.1c0.3,0.1,3.1,1.5,6,1.9C259.7,12.2,261.4,12.3,260.8,11.3z M242.4,8.6\tc0,0-2.4-0.2-5.6-0.9c-3.2-0.8-10.3-2.8-15.1-3.5c-8.2-1.1-15.8,0-15.1,0.1c0.8,0.1,9.6-0.6,17.6,1.1c3.3,0.7,9.3,2.2,12.4,2.7\tC239.9,8.7,242.4,8.6,242.4,8.6z M185.2,8.5c1.7-0.7-13.3,4.7-18.5,6.1c-2.1,0.6-6.2,1.6-10,2c-3.9,0.4-8.9,0.4-8.8,0.5\tc0,0.2,5.8,0.8,11.2,0c5.4-0.8,5.2-1.1,7.6-1.6C170.5,14.7,183.5,9.2,185.2,8.5z M199.1,6.9c0.2,0-0.8-0.4-4.8,1.1\tc-4,1.5-6.7,3.5-6.9,3.7c-0.2,0.1,3.5-1.8,6.6-3C197,7.5,199,6.9,199.1,6.9z M283,6c-0.1,0.1-1.9,1.1-4.8,2.5s-6.9,2.8-6.7,2.7\tc0.2,0,3.5-0.6,7.4-2.5C282.8,6.8,283.1,5.9,283,6z M31.3,11.6c0.1-0.2-1.9-0.2-4.5-1.2s-5.4-1.6-7.8-2C15,7.6,7.3,8.5,7.7,8.6\tC8,8.7,15.9,8.3,20.2,9.3c2.2,0.5,2.4,0.5,5.7,1.6S31.2,11.9,31.3,11.6z M73,9.2c0.4-0.1,3.5-1.6,8.4-2.6c4.9-1.1,8.9-0.5,8.9-0.8\tc0-0.3-1-0.9-6.2-0.3S72.6,9.3,73,9.2z M71.6,6.7C71.8,6.8,75,5.4,77.3,5c2.3-0.3,1.9-0.5,1.9-0.6c0-0.1-1.1-0.2-2.7,0.2\tC74.8,5.1,71.4,6.6,71.6,6.7z M93.6,4.4c0.1,0.2,3.5,0.8,5.6,1.8c2.1,1,1.8,0.6,1.9,0.5c0.1-0.1-0.8-0.8-2.4-1.3\tC97.1,4.8,93.5,4.2,93.6,4.4z M65.4,11.1c-0.1,0.3,0.3,0.5,1.9-0.2s2.6-1.3,2.2-1.2s-0.9,0.4-2.5,0.8C65.3,10.9,65.5,10.8,65.4,11.1\tz M34.5,12.4c-0.2,0,2.1,0.8,3.3,0.9c1.2,0.1,2,0.1,2-0.2c0-0.3-0.1-0.5-1.6-0.4C36.6,12.8,34.7,12.4,34.5,12.4z M152.2,21.1\tc-0.1,0.1-2.4-0.3-7.5-0.3c-5,0-13.6-2.4-17.2-3.5c-3.6-1.1,10,3.9,16.5,4.1C150.5,21.6,152.3,21,152.2,21.1z\"><\/path><path class=\"uagb-container__shape-fill\" d=\"M269.6,18c-0.1-0.1-4.6,0.3-7.2,0c-7.3-0.7-17-3.2-16.6-2.9c0.4,0.3,13.7,3.1,17,3.3\tC267.7,18.8,269.7,18,269.6,18z\"><\/path><path class=\"uagb-container__shape-fill\" d=\"M227.4,9.8c-0.2-0.1-4.5-1-9.5-1.2c-5-0.2-12.7,0.6-12.3,0.5c0.3-0.1,5.9-1.8,13.3-1.2\tS227.6,9.9,227.4,9.8z\"><\/path><path class=\"uagb-container__shape-fill\" d=\"M204.5,13.4c-0.1-0.1,2-1,3.2-1.1c1.2-0.1,2,0,2,0.3c0,0.3-0.1,0.5-1.6,0.4\tC206.4,12.9,204.6,13.5,204.5,13.4z\"><\/path><path class=\"uagb-container__shape-fill\" d=\"M201,10.6c0-0.1-4.4,1.2-6.3,2.2c-1.9,0.9-6.2,3.1-6.1,3.1c0.1,0.1,4.2-1.6,6.3-2.6\tS201,10.7,201,10.6z\"><\/path><path class=\"uagb-container__shape-fill\" d=\"M154.5,26.7c-0.1-0.1-4.6,0.3-7.2,0c-7.3-0.7-17-3.2-16.6-2.9c0.4,0.3,13.7,3.1,17,3.3\tC152.6,27.5,154.6,26.8,154.5,26.7z\"><\/path><path class=\"uagb-container__shape-fill\" d=\"M41.9,19.3c0,0,1.2-0.3,2.9-0.1c1.7,0.2,5.8,0.9,8.2,0.7c4.2-0.4,7.4-2.7,7-2.6\tc-0.4,0-4.3,2.2-8.6,1.9c-1.8-0.1-5.1-0.5-6.7-0.4S41.9,19.3,41.9,19.3z\"><\/path><path class=\"uagb-container__shape-fill\" d=\"M75.5,12.6c0.2,0.1,2-0.8,4.3-1.1c2.3-0.2,2.1-0.3,2.1-0.5c0-0.1-1.8-0.4-3.4,0\tC76.9,11.5,75.3,12.5,75.5,12.6z\"><\/path><path class=\"uagb-container__shape-fill\" d=\"M15.6,13.2c0-0.1,4.3,0,6.7,0.5c2.4,0.5,5,1.9,5,2c0,0.1-2.7-0.8-5.1-1.4\tC19.9,13.7,15.7,13.3,15.6,13.2z\"><\/path><\/svg><\/div><div class=\"uagb-container-inner-blocks-wrap\">\n<div class=\"wp-block-uagb-container uagb-block-4629ce34 default uagb-is-root-container\">\n<div class=\"wp-block-uagb-call-to-action uagb-block-a7e0f6aa wp-block-button\"><div class=\"uagb-cta__wrap\"><h2 class=\"uagb-cta__title\">Liity j\u00e4seneksi<\/h2><p class=\"uagb-cta__desc\">Yhdistyksen j\u00e4seniksi voivat liitty\u00e4 yksityiset henkil\u00f6t, yhdistykset ja kannattajaj\u00e4senet edellytt\u00e4en, mik\u00e4li he hyv\u00e4ksyv\u00e4t yhdistyksen s\u00e4\u00e4nn\u00f6t.<\/p><\/div><div class=\"uagb-cta__buttons\"><a href=\"https:\/\/www.rissanen.palvelin.pro\/kerimakiseura\/liity-jaseneksi\/\" class=\"uagb-cta__button-link-wrapper wp-block-button__link\" target=\"_self\" rel=\"noopener noreferrer\">Avaa liittymislomake<\/a><\/div><\/div>\n<\/div>\n<\/div><\/div>\n","protected":false},"excerpt":{"rendered":"","protected":false},"author":1,"featured_media":0,"parent":0,"menu_order":0,"comment_status":"closed","ping_status":"closed","template":"","meta":{"_uag_custom_page_level_css":".ebec-header-year{\n    Display: ; \n}\n\n.ebec-minimal-list-wrapper .ebec-list-posts.style-1.ebec-simple-event .ebec-event-date-tag {\n    background: #DAE6E3;\n}","site-sidebar-layout":"default","site-content-layout":"","ast-site-content-layout":"default","site-content-style":"default","site-sidebar-style":"default","ast-global-header-display":"","ast-banner-title-visibility":"","ast-main-header-display":"","ast-hfb-above-header-display":"","ast-hfb-below-header-display":"","ast-hfb-mobile-header-display":"","site-post-title":"disabled","ast-breadcrumbs-content":"","ast-featured-img":"","footer-sml-layout":"","theme-transparent-header-meta":"","adv-header-id-meta":"","stick-header-meta":"","header-above-stick-meta":"","header-main-stick-meta":"","header-below-stick-meta":"","astra-migrate-meta-layouts":"default","ast-page-background-enabled":"default","ast-page-background-meta":{"desktop":{"background-color":"var(--ast-global-color-5)","background-image":"","background-repeat":"repeat","background-position":"center center","background-size":"auto","background-attachment":"scroll","background-type":"","background-media":"","overlay-type":"","overlay-color":"","overlay-opacity":"","overlay-gradient":""},"tablet":{"background-color":"","background-image":"","background-repeat":"repeat","background-position":"center center","background-size":"auto","background-attachment":"scroll","background-type":"","background-media":"","overlay-type":"","overlay-color":"","overlay-opacity":"","overlay-gradient":""},"mobile":{"background-color":"","background-image":"","background-repeat":"repeat","background-position":"center center","background-size":"auto","background-attachment":"scroll","background-type":"","background-media":"","overlay-type":"","overlay-color":"","overlay-opacity":"","overlay-gradient":""}},"ast-content-background-meta":{"desktop":{"background-color":"var(--ast-global-color-4)","background-image":"","background-repeat":"repeat","background-position":"center center","background-size":"auto","background-attachment":"scroll","background-type":"","background-media":"","overlay-type":"","overlay-color":"","overlay-opacity":"","overlay-gradient":""},"tablet":{"background-color":"var(--ast-global-color-4)","background-image":"","background-repeat":"repeat","background-position":"center center","background-size":"auto","background-attachment":"scroll","background-type":"","background-media":"","overlay-type":"","overlay-color":"","overlay-opacity":"","overlay-gradient":""},"mobile":{"background-color":"var(--ast-global-color-4)","background-image":"","background-repeat":"repeat","background-position":"center center","background-size":"auto","background-attachment":"scroll","background-type":"","background-media":"","overlay-type":"","overlay-color":"","overlay-opacity":"","overlay-gradient":""}},"footnotes":""},"class_list":["post-15","page","type-page","status-publish","hentry"],"uagb_featured_image_src":{"full":false,"thumbnail":false,"medium":false,"medium_large":false,"large":false,"1536x1536":false,"2048x2048":false},"uagb_author_info":{"display_name":"admin","author_link":"https:\/\/www.rissanen.palvelin.pro\/kerimakiseura\/author\/admin\/"},"uagb_comment_info":0,"uagb_excerpt":null,"_links":{"self":[{"href":"https:\/\/www.rissanen.palvelin.pro\/kerimakiseura\/wp-json\/wp\/v2\/pages\/15","targetHints":{"allow":["GET"]}}],"collection":[{"href":"https:\/\/www.rissanen.palvelin.pro\/kerimakiseura\/wp-json\/wp\/v2\/pages"}],"about":[{"href":"https:\/\/www.rissanen.palvelin.pro\/kerimakiseura\/wp-json\/wp\/v2\/types\/page"}],"author":[{"embeddable":true,"href":"https:\/\/www.rissanen.palvelin.pro\/kerimakiseura\/wp-json\/wp\/v2\/users\/1"}],"replies":[{"embeddable":true,"href":"https:\/\/www.rissanen.palvelin.pro\/kerimakiseura\/wp-json\/wp\/v2\/comments?post=15"}],"version-history":[{"count":143,"href":"https:\/\/www.rissanen.palvelin.pro\/kerimakiseura\/wp-json\/wp\/v2\/pages\/15\/revisions"}],"predecessor-version":[{"id":596,"href":"https:\/\/www.rissanen.palvelin.pro\/kerimakiseura\/wp-json\/wp\/v2\/pages\/15\/revisions\/596"}],"wp:attachment":[{"href":"https:\/\/www.rissanen.palvelin.pro\/kerimakiseura\/wp-json\/wp\/v2\/media?parent=15"}],"curies":[{"name":"wp","href":"https:\/\/api.w.org\/{rel}","templated":true}]}}